{"id":19,"date":"2019-09-02T07:23:47","date_gmt":"2019-09-02T05:23:47","guid":{"rendered":"http:\/\/yootheme.markusweidemann.de\/?p=19"},"modified":"2023-09-21T07:46:02","modified_gmt":"2023-09-21T05:46:02","slug":"kontakt","status":"publish","type":"page","link":"https:\/\/schopf-consulting.com\/kontakt\/","title":{"rendered":"Kontakt"},"content":{"rendered":"<h1>Kontakt<\/h1>\n<div>\n<p><span>Sie haben Fragen oder m\u00f6chten einen Termin vereinbaren?<br \/><\/span><span>Ich freue mich von Ihnen zu h\u00f6ren!<\/span><\/p>\n<\/div>\n<p><>Name<\/><\/p>\n<p><>Email<\/><\/p>\n<p><>Nachricht<\/><\/p>\n<p><>Datenschutz<\/><\/p>\n<div>Hiermit akzeptiere ich die <a href=\"\/impressum_datenschutz\"target=\"_blank\">Datenschutzerkl\u00e4rung<\/a><\/div>\n<div>\n<p><span>Datenschutzhinweis: Die von Ihnen in diesem Formular angegebenen Daten werden nur zur Bearbeitung Ihrer Anfrage genutzt und nicht an Dritte weitergegeben.<\/span><\/p>\n<\/div>\n<div>\n<p>Schopf Consulting GmbH<br \/>Hallesche Stra\u00dfe 3<br \/>10963 Berlin<\/p>\n<p>Tel: 0151 20753591<br \/>Mail:<span>\u00a0<\/span><a href=\"mailto:info@schopf-consulting.com\">info@schopf-consulting.com<\/a><\/p>\n<\/p>\n<\/div>\n<p><!--more--><br \/>\n<!-- {\"type\":\"layout\",\"children\":[{\"type\":\"section\",\"props\":{\"css\":\".el-section > [class*='uk-background-'] { min-height: 40vh; }\",\"image\":\"wp-content\\\/uploads\\\/2023\\\/07\\\/jean-beller-F5hs0mUtb9A-unsplash1.jpg\",\"image_effect\":\"parallax\",\"image_loading\":true,\"image_parallax_bgy\":\"220\",\"image_parallax_easing\":\"1\",\"image_position\":\"center-center\",\"image_size\":\"width-1-1\",\"image_width\":\"1560\",\"padding_remove_top\":true,\"style\":\"default\",\"title_breakpoint\":\"xl\",\"title_position\":\"top-left\",\"title_rotation\":\"left\",\"vertical_align\":\"middle\",\"width\":\"\"},\"children\":[{\"type\":\"row\",\"children\":[{\"type\":\"column\",\"props\":{\"image_position\":\"center-center\",\"position_sticky_breakpoint\":\"m\"}}]}],\"name\":\"Hero\"},{\"name\":\"Contact\",\"type\":\"section\",\"props\":{\"animation_delay\":false,\"image_position\":\"center-center\",\"padding_remove_bottom\":true,\"style\":\"default\",\"title_breakpoint\":\"xl\",\"title_position\":\"top-left\",\"title_rotation\":\"left\",\"vertical_align\":\"middle\",\"width\":\"default\"},\"children\":[{\"type\":\"row\",\"children\":[{\"type\":\"column\",\"props\":{\"image_position\":\"center-center\",\"position_sticky_breakpoint\":\"m\",\"width_medium\":\"1-1\"},\"children\":[{\"type\":\"headline\",\"props\":{\"content\":\"Kontakt\",\"content_en_us\":\"Contact\",\"title_decoration\":\"bullet\",\"title_element\":\"h1\",\"title_style\":\"h2\"}},{\"type\":\"text\",\"props\":{\"column_breakpoint\":\"m\",\"content\":\"\n\n<p><span>Sie haben Fragen oder m\\u00f6chten einen Termin vereinbaren?<br \\\/><\\\/span><span>Ich freue mich von Ihnen zu h\\u00f6ren!<\\\/span><\\\/p>\",\"content_en_us\":\"Do you have any further questions or would you like to schedule an appointment?<br\\\/>\\nI look forward to hearing from you.\",\"margin\":\"large\"}},{\"type\":\"cf-simple-form\",\"props\":{\"adminMailFormUser\":\"yes\",\"admin_email\":\"\n\n<p>%data<\\\/p>\",\"admin_email_address\":\"info@schopf-consulting.com\",\"admin_email_subject\":\"Kontaktanfrage \\u00fcber die Website\",\"db_save\":true,\"form_layout\":\"stacked\",\"form_redirect\":false,\"layout_card\":\"default\",\"reCaptcha_pos\":\"bottomright\",\"reCaptcha_size\":\"normal\",\"reCaptcha_theme\":\"light\",\"reCaptcha_type\":\"v2\",\"reCaptcha_v2_type\":\"v2-invisible\",\"send_email_user\":false,\"show_after_submission\":false,\"show_thank_msg\":true,\"submitNotificationStyle\":\"success\",\"submit_button\":\"primary\",\"submit_icon_padding\":10,\"submit_icon_position\":0,\"submit_position\":\"left\",\"submit_text\":\"Absenden\",\"submit_text_en_us\":\"Submit\",\"thank_msg\":\"\n\n<p>Vielen Dank f\\u00fcr Ihre Nachricht. Wir melden uns in K\\u00fcrze bei Ihnen.<\\\/p>\",\"thank_msg_en_us\":\"\n\n<p>Thank you for your message. We will get back to you shortly.<\\\/p>\",\"user_email\":\"%data\",\"user_email_address\":\"Email\",\"width_submit\":\"form-width-small\"},\"children\":[{\"type\":\"cf-simple-form_item\",\"props\":{\"input_description_align\":\"center\",\"input_icon\":\"user\",\"input_label\":\"Name\",\"input_max_r\":10,\"input_min_r\":0,\"input_rows_ta\":10,\"input_step_r\":1,\"input_text_type\":\"text\",\"input_type\":\"input\",\"input_value_r\":5,\"require_input\":true,\"title\":\"Name\",\"width_field\":\"auto\"}},{\"type\":\"cf-simple-form_item\",\"props\":{\"input_description_align\":\"center\",\"input_icon\":\"mail\",\"input_label\":\"E-Mail\",\"input_max_r\":10,\"input_min_r\":0,\"input_rows_ta\":10,\"input_step_r\":1,\"input_text_type\":\"text\",\"input_type\":\"input\",\"input_value_r\":5,\"require_input\":true,\"title\":\"Email\",\"width_field\":\"auto\"}},{\"type\":\"cf-simple-form_item\",\"props\":{\"input_description_align\":\"center\",\"input_label\":\"Nachricht\",\"input_label_en_us\":\"Message\",\"input_max_r\":10,\"input_min_r\":0,\"input_rows_ta\":10,\"input_step_r\":1,\"input_text_type\":\"text\",\"input_type\":\"textarea\",\"input_value_r\":5,\"require_input\":true,\"title\":\"Nachricht\",\"width_field\":\"auto\"}},{\"type\":\"cf-simple-form_item\",\"props\":{\"input_description_align\":\"center\",\"input_max_r\":10,\"input_min_r\":0,\"input_options_src\":\"Hiermit akzeptiere ich die <a href=\\\"\\\/impressum_datenschutz\\\"target=\\\"_blank\\\">Datenschutzerkl\\u00e4rung<\\\/a>\",\"input_options_src_en_us\":\"i accept the <a href=\\\"\\\/impressum_datenschutz\\\"target=\\\"_blank\\\">privacy policy.<\\\/a>\",\"input_rows_ta\":10,\"input_step_r\":1,\"input_text_type\":\"text\",\"input_type\":\"checkbox\",\"input_value_r\":5,\"require_input\":true,\"title\":\"Datenschutz\",\"width_field\":\"auto\"}}]},{\"type\":\"text\",\"props\":{\"column_breakpoint\":\"m\",\"content\":\"\n\n<p><span>Datenschutzhinweis: Die von Ihnen in diesem Formular angegebenen Daten werden nur zur Bearbeitung Ihrer Anfrage genutzt und nicht an Dritte weitergegeben.<\\\/span><\\\/p>\",\"content_en_us\":\"Data protection notice: The data you provide in this form will only be used to process your request and will not be passed on to third parties.\",\"margin\":\"default\",\"text_color\":\"muted\",\"text_style\":\"small\"}},{\"type\":\"text\",\"props\":{\"column_breakpoint\":\"m\",\"content\":\"\n\n<p>Schopf Consulting GmbH<br \\\/>Hallesche Stra\\u00dfe 3<br \\\/>10963 Berlin<\\\/p>\\n\n\n<p>Tel: 0151 20753591<br \\\/>Mail:<span>\\u00a0<\\\/span><a href=\\\"mailto:info@schopf-consulting.com\\\">info@schopf-consulting.com<\\\/a><\\\/p>\\n\n\n<p><\\\/p>\",\"margin\":\"large\"}}]}]}]},{\"type\":\"section\",\"props\":{\"image_position\":\"center-center\",\"style\":\"default\",\"title_breakpoint\":\"xl\",\"title_position\":\"top-left\",\"title_rotation\":\"left\",\"vertical_align\":\"middle\",\"width\":\"default\"},\"children\":[{\"type\":\"row\",\"children\":[{\"type\":\"column\",\"props\":{\"image_position\":\"center-center\",\"position_sticky_breakpoint\":\"m\"}}]}]}],\"version\":\"4.0.13\"} --><\/p>\n","protected":false},"excerpt":{"rendered":"<p>Kontakt Sie haben Fragen oder m\u00f6chten einen Termin vereinbaren?Ich freue mich von Ihnen zu h\u00f6ren! Name Email Nachricht Datenschutz Hiermit akzeptiere ich die Datenschutzerkl\u00e4rung Datenschutzhinweis: Die von Ihnen in diesem Formular angegebenen Daten werden nur zur Bearbeitung Ihrer Anfrage genutzt und nicht an Dritte weitergegeben. Schopf Consulting GmbHHallesche Stra\u00dfe 310963 Berlin Tel: 0151 20753591Mail:\u00a0info@schopf-consulting.com<\/p>\n","protected":false},"author":1,"featured_media":0,"parent":0,"menu_order":6,"comment_status":"open","ping_status":"closed","template":"","meta":{"footnotes":""},"class_list":["post-19","page","type-page","status-publish","hentry"],"acf":[],"yoast_head":"<!-- This site is optimized with the Yoast SEO plugin v21.9.1 - https:\/\/yoast.com\/wordpress\/plugins\/seo\/ -->\n<title>Kontakt<\/title>\n<meta name=\"description\" content=\"Kontakt Sie haben Fragen oder m\u00f6chten einen Termin vereinbaren?Ich freue mich von Ihnen zu h\u00f6ren! Name Email Nachricht Datenschutz Hiermit akzeptiere ich die Datenschutzerkl\u00e4rung Datenschutzhinweis: Die von Ihnen in diesem Formular angegebenen Daten werden nur zur Bearbeitung Ihrer Anfrage genutzt und nicht an Dritte weitergegeben. Schopf Consulting GmbHHallesche Stra\u00dfe 310963 Berlin Tel: 0151 20753591Mail:\u00a0info@schopf-consulting.com\" \/>\n<meta name=\"robots\" content=\"index, follow, max-snippet:-1, max-image-preview:large, max-video-preview:-1\" \/>\n<link rel=\"canonical\" href=\"https:\/\/schopf-consulting.com\/kontakt\/\" \/>\n<meta property=\"og:locale\" content=\"en_US\" \/>\n<meta property=\"og:type\" content=\"article\" \/>\n<meta property=\"og:title\" content=\"Kontakt\" \/>\n<meta property=\"og:description\" content=\"Kontakt Sie haben Fragen oder m\u00f6chten einen Termin vereinbaren?Ich freue mich von Ihnen zu h\u00f6ren! Name Email Nachricht Datenschutz Hiermit akzeptiere ich die Datenschutzerkl\u00e4rung Datenschutzhinweis: Die von Ihnen in diesem Formular angegebenen Daten werden nur zur Bearbeitung Ihrer Anfrage genutzt und nicht an Dritte weitergegeben. Schopf Consulting GmbHHallesche Stra\u00dfe 310963 Berlin Tel: 0151 20753591Mail:\u00a0info@schopf-consulting.com\" \/>\n<meta property=\"og:url\" content=\"https:\/\/schopf-consulting.com\/kontakt\/\" \/>\n<meta property=\"og:site_name\" content=\"Schopf Consulting\" \/>\n<meta property=\"article:modified_time\" content=\"2023-09-21T05:46:02+00:00\" \/>\n<meta name=\"twitter:card\" content=\"summary_large_image\" \/>\n<script type=\"application\/ld+json\" class=\"yoast-schema-graph\">{\"@context\":\"https:\/\/schema.org\",\"@graph\":[{\"@type\":\"WebPage\",\"@id\":\"https:\/\/schopf-consulting.com\/kontakt\/\",\"url\":\"https:\/\/schopf-consulting.com\/kontakt\/\",\"name\":\"Kontakt - Schopf Consulting\",\"isPartOf\":{\"@id\":\"https:\/\/schopf-consulting.com\/#website\"},\"datePublished\":\"2019-09-02T05:23:47+00:00\",\"dateModified\":\"2023-09-21T05:46:02+00:00\",\"breadcrumb\":{\"@id\":\"https:\/\/schopf-consulting.com\/kontakt\/#breadcrumb\"},\"inLanguage\":\"en-US\",\"potentialAction\":[{\"@type\":\"ReadAction\",\"target\":[\"https:\/\/schopf-consulting.com\/kontakt\/\"]}]},{\"@type\":\"BreadcrumbList\",\"@id\":\"https:\/\/schopf-consulting.com\/kontakt\/#breadcrumb\",\"itemListElement\":[{\"@type\":\"ListItem\",\"position\":1,\"name\":\"Home\",\"item\":\"https:\/\/schopf-consulting.com\/\"},{\"@type\":\"ListItem\",\"position\":2,\"name\":\"Kontakt\"}]},{\"@type\":\"WebSite\",\"@id\":\"https:\/\/schopf-consulting.com\/#website\",\"url\":\"https:\/\/schopf-consulting.com\/\",\"name\":\"Schopf Consulting\",\"description\":\"Human Ressource Consulting\",\"potentialAction\":[{\"@type\":\"SearchAction\",\"target\":{\"@type\":\"EntryPoint\",\"urlTemplate\":\"https:\/\/schopf-consulting.com\/?s={search_term_string}\"},\"query-input\":\"required name=search_term_string\"}],\"inLanguage\":\"en-US\"}]}<\/script>\n<!-- \/ Yoast SEO plugin. -->","yoast_head_json":{"title":"Kontakt","description":"Kontakt Sie haben Fragen oder m\u00f6chten einen Termin vereinbaren?Ich freue mich von Ihnen zu h\u00f6ren! Name Email Nachricht Datenschutz Hiermit akzeptiere ich die Datenschutzerkl\u00e4rung Datenschutzhinweis: Die von Ihnen in diesem Formular angegebenen Daten werden nur zur Bearbeitung Ihrer Anfrage genutzt und nicht an Dritte weitergegeben. Schopf Consulting GmbHHallesche Stra\u00dfe 310963 Berlin Tel: 0151 20753591Mail:\u00a0info@schopf-consulting.com","robots":{"index":"index","follow":"follow","max-snippet":"max-snippet:-1","max-image-preview":"max-image-preview:large","max-video-preview":"max-video-preview:-1"},"canonical":"https:\/\/schopf-consulting.com\/kontakt\/","og_locale":"en_US","og_type":"article","og_title":"Kontakt","og_description":"Kontakt Sie haben Fragen oder m\u00f6chten einen Termin vereinbaren?Ich freue mich von Ihnen zu h\u00f6ren! Name Email Nachricht Datenschutz Hiermit akzeptiere ich die Datenschutzerkl\u00e4rung Datenschutzhinweis: Die von Ihnen in diesem Formular angegebenen Daten werden nur zur Bearbeitung Ihrer Anfrage genutzt und nicht an Dritte weitergegeben. Schopf Consulting GmbHHallesche Stra\u00dfe 310963 Berlin Tel: 0151 20753591Mail:\u00a0info@schopf-consulting.com","og_url":"https:\/\/schopf-consulting.com\/kontakt\/","og_site_name":"Schopf Consulting","article_modified_time":"2023-09-21T05:46:02+00:00","twitter_card":"summary_large_image","schema":{"@context":"https:\/\/schema.org","@graph":[{"@type":"WebPage","@id":"https:\/\/schopf-consulting.com\/kontakt\/","url":"https:\/\/schopf-consulting.com\/kontakt\/","name":"Kontakt - Schopf Consulting","isPartOf":{"@id":"https:\/\/schopf-consulting.com\/#website"},"datePublished":"2019-09-02T05:23:47+00:00","dateModified":"2023-09-21T05:46:02+00:00","breadcrumb":{"@id":"https:\/\/schopf-consulting.com\/kontakt\/#breadcrumb"},"inLanguage":"en-US","potentialAction":[{"@type":"ReadAction","target":["https:\/\/schopf-consulting.com\/kontakt\/"]}]},{"@type":"BreadcrumbList","@id":"https:\/\/schopf-consulting.com\/kontakt\/#breadcrumb","itemListElement":[{"@type":"ListItem","position":1,"name":"Home","item":"https:\/\/schopf-consulting.com\/"},{"@type":"ListItem","position":2,"name":"Kontakt"}]},{"@type":"WebSite","@id":"https:\/\/schopf-consulting.com\/#website","url":"https:\/\/schopf-consulting.com\/","name":"Schopf Consulting","description":"Human Ressource Consulting","potentialAction":[{"@type":"SearchAction","target":{"@type":"EntryPoint","urlTemplate":"https:\/\/schopf-consulting.com\/?s={search_term_string}"},"query-input":"required name=search_term_string"}],"inLanguage":"en-US"}]}},"_links":{"self":[{"href":"https:\/\/schopf-consulting.com\/wp-json\/wp\/v2\/pages\/19","targetHints":{"allow":["GET"]}}],"collection":[{"href":"https:\/\/schopf-consulting.com\/wp-json\/wp\/v2\/pages"}],"about":[{"href":"https:\/\/schopf-consulting.com\/wp-json\/wp\/v2\/types\/page"}],"author":[{"embeddable":true,"href":"https:\/\/schopf-consulting.com\/wp-json\/wp\/v2\/users\/1"}],"replies":[{"embeddable":true,"href":"https:\/\/schopf-consulting.com\/wp-json\/wp\/v2\/comments?post=19"}],"version-history":[{"count":22,"href":"https:\/\/schopf-consulting.com\/wp-json\/wp\/v2\/pages\/19\/revisions"}],"predecessor-version":[{"id":1433,"href":"https:\/\/schopf-consulting.com\/wp-json\/wp\/v2\/pages\/19\/revisions\/1433"}],"wp:attachment":[{"href":"https:\/\/schopf-consulting.com\/wp-json\/wp\/v2\/media?parent=19"}],"curies":[{"name":"wp","href":"https:\/\/api.w.org\/{rel}","templated":true}]}}